{"id":68,"date":"2022-02-13T03:50:06","date_gmt":"2022-02-13T03:50:06","guid":{"rendered":"http:\/\/azzadi.de\/?page_id=68"},"modified":"2022-08-22T15:20:45","modified_gmt":"2022-08-22T15:20:45","slug":"impressum","status":"publish","type":"page","link":"https:\/\/azzadi.de\/en\/impressum\/","title":{"rendered":"Impressum"},"content":{"rendered":"<p><strong>Azzadi GmbH<\/strong><\/p>\n<p>Leipziger Stra\u00dfe 61<\/p>\n<p>10117 Berlin<\/p>\n<p>Deutschland<\/p>\n<p>&nbsp;<\/p>\n<p><strong>E-Mail:<\/strong> info@azzadi.de<\/p>\n<p>&nbsp;<\/p>\n<p><strong>Registergericht:<\/strong> AG Charlottenburg<\/p>\n<p>Registernummer: HRB 198121 B<\/p>\n<p>&nbsp;<\/p>\n<p><strong>Gesch\u00e4ftsf\u00fchrerin:<\/strong> Sara Esmaeli<\/p>\n<p>&nbsp;<\/p>\n<p><strong>Online-Streitbeilegung gem\u00e4\u00df Art. 14 Abs. 1 ODR-VO:<\/strong><\/p>\n<p>Plattform der EU zur au\u00dfergerichtlichen Online Streitbeilegung: http:\/\/ec.europa.eu\/consumers\/odr\/ Es besteht f\u00fcr die Zohre Esmaeli Foundation gGmbH keine Verpflichtung und Bereitschaft zur Teilnahme an einem Streitbeilegungsverfahren vor einer Verbraucherschlichtungsstelle.<\/p>\n<p>&nbsp;<\/p>\n<p><strong>Disclaimer<\/strong><\/p>\n<p><strong>Haftung f\u00fcr Inhalte<\/strong><\/p>\n<p>Als Diensteanbieter sind wir gem\u00e4\u00df \u00a7 7 Abs.1 TMG f\u00fcr eigene Inhalte auf dieser Webseite nach den allgemeinen Gesetzen verantwortlich. Nach \u00a7\u00a7 8 bis 10 TMG sind wir als Diensteanbieter jedoch nicht verpflichtet, \u00fcbermittelte oder gespeicherte fremde Informationen zu \u00fcberwachen oder nach Umst\u00e4nden zu forschen, die auf eine rechtswidrige T\u00e4tigkeit hinweisen.<\/p>\n<p>&nbsp;<\/p>\n<p>Verpflichtungen zur Entfernung oder Sperrung der Nutzung von Informationen nach den allge\u00admeinen Gesetzen bleiben hiervon unber\u00fchrt. Eine diesbez\u00fcgliche Haftung ist jedoch erst ab dem Zeitpunkt der Kenntnis einer konkreten Rechtsverletzung m\u00f6glich. Bei Bekanntwerden von entsprechenden Rechtsverletzungen werden wir diese Inhalte umgehend entfernen.<\/p>\n<p>&nbsp;<\/p>\n<p><strong>Haftung f\u00fcr Links<\/strong><\/p>\n<p>Unser Angebot enth\u00e4lt Links zu externen Webseiten Dritter, auf deren Inhalte wir keinen Einfluss haben. Deshalb k\u00f6nnen wir f\u00fcr diese fremden Inhalte auch keine Gew\u00e4hr \u00fcberneh\u00admen. F\u00fcr die Inhalte der verlinkten Webseiten ist stets der jeweilige Anbieter oder Betreiber der Seiten verantwortlich. Die verlinkten Webseiten wurden zum Zeitpunkt der Verlinkung auf m\u00f6gliche Rechtsverst\u00f6\u00dfe \u00fcberpr\u00fcft. Rechtswidrige Inhalte waren zum Zeitpunkt der Verlin\u00adkung nicht erkennbar.<\/p>\n<p>&nbsp;<\/p>\n<p>Eine permanente inhaltliche Kontrolle der verlinkten Webseiten ist jedoch ohne konkrete An\u00adhaltspunkte einer Rechtsverletzung nicht zumutbar. Bei Bekanntwerden von Rechtsverletzun\u00adgen werden wir derartige Links umgehend entfernen.<\/p>\n<p>&nbsp;<\/p>\n<p><strong>Urheberrecht<\/strong><\/p>\n<p>Die durch die Seitenbetreiber erstellten Inhalte und Werke auf dieser Webseite unterliegen dem deutschen Urheberrecht. Die Vervielf\u00e4ltigung, Bearbeitung, Verbreitung und jede Art der Verwertung au\u00dferhalb der Grenzen des Urheberrechtes bed\u00fcrfen der schriftlichen Zustim\u00admung des jeweiligen Autors bzw. Erstellers. Downloads und Kopien dieser Seite sind nur f\u00fcr den privaten, nicht kommerziellen Gebrauch gestattet.<\/p>\n<p>&nbsp;<\/p>\n<p>Soweit die Inhalte auf dieser Seite nicht vom Betreiber erstellt wurden, werden die Urheber\u00adrechte Dritter beachtet. Insbesondere werden Inhalte Dritter als solche gekennzeichnet. Sollten Sie trotzdem auf eine Urheberrechtsverletzung aufmerksam werden, bitten wir um einen entsprechenden Hinweis. Bei Bekanntwerden von Rechtsverletzungen werden wir derartige Inhalte umgehend entfernen.<\/p>\n","protected":false},"excerpt":{"rendered":"<p>Azzadi GmbH Leipziger Stra\u00dfe 61 10117 Berlin Deutschland &nbsp; E-Mail: info@azzadi.de &nbsp; Registergericht: AG Charlottenburg Registernummer: HRB 198121 B &nbsp; Gesch\u00e4ftsf\u00fchrerin: Sara Esmaeli &nbsp; Online-Streitbeilegung gem\u00e4\u00df Art. 14 Abs. 1 ODR-VO: Plattform der EU zur au\u00dfergerichtlichen Online Streitbeilegung: http:\/\/ec.europa.eu\/consumers\/odr\/ Es besteht f\u00fcr die Zohre Esmaeli Foundation gGmbH keine Verpflichtung und Bereitschaft zur Teilnahme an einem [&hellip;]<\/p>\n","protected":false},"author":1,"featured_media":0,"parent":0,"menu_order":0,"comment_status":"closed","ping_status":"closed","template":"","meta":{"_acf_changed":false,"_joinchat":[],"footnotes":""},"class_list":["post-68","page","type-page","status-publish","hentry"],"acf":[],"yoast_head":"<!-- This site is optimized with the Yoast SEO plugin v23.7 - https:\/\/yoast.com\/wordpress\/plugins\/seo\/ -->\n<title>Impressum - Become a Culture Coach! Find out how here.<\/title>\n<meta name=\"robots\" content=\"index, follow, max-snippet:-1, max-image-preview:large, max-video-preview:-1\" \/>\n<link rel=\"canonical\" href=\"https:\/\/azzadi.de\/en\/impressum\/\" \/>\n<meta property=\"og:locale\" content=\"en_US\" \/>\n<meta property=\"og:type\" content=\"article\" \/>\n<meta property=\"og:title\" content=\"Impressum - Become a Culture Coach! Find out how here.\" \/>\n<meta property=\"og:description\" content=\"Azzadi GmbH Leipziger Stra\u00dfe 61 10117 Berlin Deutschland &nbsp; E-Mail: info@azzadi.de &nbsp; Registergericht: AG Charlottenburg Registernummer: HRB 198121 B &nbsp; Gesch\u00e4ftsf\u00fchrerin: Sara Esmaeli &nbsp; Online-Streitbeilegung gem\u00e4\u00df Art. 14 Abs. 1 ODR-VO: Plattform der EU zur au\u00dfergerichtlichen Online Streitbeilegung: http:\/\/ec.europa.eu\/consumers\/odr\/ Es besteht f\u00fcr die Zohre Esmaeli Foundation gGmbH keine Verpflichtung und Bereitschaft zur Teilnahme an einem [&hellip;]\" \/>\n<meta property=\"og:url\" content=\"https:\/\/azzadi.de\/en\/impressum\/\" \/>\n<meta property=\"og:site_name\" content=\"Become a Culture Coach! Find out how here.\" \/>\n<meta property=\"article:modified_time\" content=\"2022-08-22T15:20:45+00:00\" \/>\n<meta name=\"twitter:card\" content=\"summary_large_image\" \/>\n<meta name=\"twitter:label1\" content=\"Est. reading time\" \/>\n\t<meta name=\"twitter:data1\" content=\"2 minutes\" \/>\n<script type=\"application\/ld+json\" class=\"yoast-schema-graph\">{\"@context\":\"https:\/\/schema.org\",\"@graph\":[{\"@type\":\"WebPage\",\"@id\":\"https:\/\/azzadi.de\/en\/impressum\/\",\"url\":\"https:\/\/azzadi.de\/en\/impressum\/\",\"name\":\"Impressum - Become a Culture Coach! Find out how here.\",\"isPartOf\":{\"@id\":\"https:\/\/azzadi.de\/en\/#website\"},\"datePublished\":\"2022-02-13T03:50:06+00:00\",\"dateModified\":\"2022-08-22T15:20:45+00:00\",\"breadcrumb\":{\"@id\":\"https:\/\/azzadi.de\/en\/impressum\/#breadcrumb\"},\"inLanguage\":\"en-US\",\"potentialAction\":[{\"@type\":\"ReadAction\",\"target\":[\"https:\/\/azzadi.de\/en\/impressum\/\"]}]},{\"@type\":\"BreadcrumbList\",\"@id\":\"https:\/\/azzadi.de\/en\/impressum\/#breadcrumb\",\"itemListElement\":[{\"@type\":\"ListItem\",\"position\":1,\"name\":\"Home\",\"item\":\"https:\/\/azzadi.de\/en\/\"},{\"@type\":\"ListItem\",\"position\":2,\"name\":\"Impressum\"}]},{\"@type\":\"WebSite\",\"@id\":\"https:\/\/azzadi.de\/en\/#website\",\"url\":\"https:\/\/azzadi.de\/en\/\",\"name\":\"Become a Culture Coach! Find out how here.\",\"description\":\"Culture Coach!\",\"potentialAction\":[{\"@type\":\"SearchAction\",\"target\":{\"@type\":\"EntryPoint\",\"urlTemplate\":\"https:\/\/azzadi.de\/en\/?s={search_term_string}\"},\"query-input\":{\"@type\":\"PropertyValueSpecification\",\"valueRequired\":true,\"valueName\":\"search_term_string\"}}],\"inLanguage\":\"en-US\"}]}<\/script>\n<!-- \/ Yoast SEO plugin. -->","yoast_head_json":{"title":"Impressum - Become a Culture Coach! Find out how here.","robots":{"index":"index","follow":"follow","max-snippet":"max-snippet:-1","max-image-preview":"max-image-preview:large","max-video-preview":"max-video-preview:-1"},"canonical":"https:\/\/azzadi.de\/en\/impressum\/","og_locale":"en_US","og_type":"article","og_title":"Impressum - Become a Culture Coach! Find out how here.","og_description":"Azzadi GmbH Leipziger Stra\u00dfe 61 10117 Berlin Deutschland &nbsp; E-Mail: info@azzadi.de &nbsp; Registergericht: AG Charlottenburg Registernummer: HRB 198121 B &nbsp; Gesch\u00e4ftsf\u00fchrerin: Sara Esmaeli &nbsp; Online-Streitbeilegung gem\u00e4\u00df Art. 14 Abs. 1 ODR-VO: Plattform der EU zur au\u00dfergerichtlichen Online Streitbeilegung: http:\/\/ec.europa.eu\/consumers\/odr\/ Es besteht f\u00fcr die Zohre Esmaeli Foundation gGmbH keine Verpflichtung und Bereitschaft zur Teilnahme an einem [&hellip;]","og_url":"https:\/\/azzadi.de\/en\/impressum\/","og_site_name":"Become a Culture Coach! Find out how here.","article_modified_time":"2022-08-22T15:20:45+00:00","twitter_card":"summary_large_image","twitter_misc":{"Est. reading time":"2 minutes"},"schema":{"@context":"https:\/\/schema.org","@graph":[{"@type":"WebPage","@id":"https:\/\/azzadi.de\/en\/impressum\/","url":"https:\/\/azzadi.de\/en\/impressum\/","name":"Impressum - Become a Culture Coach! Find out how here.","isPartOf":{"@id":"https:\/\/azzadi.de\/en\/#website"},"datePublished":"2022-02-13T03:50:06+00:00","dateModified":"2022-08-22T15:20:45+00:00","breadcrumb":{"@id":"https:\/\/azzadi.de\/en\/impressum\/#breadcrumb"},"inLanguage":"en-US","potentialAction":[{"@type":"ReadAction","target":["https:\/\/azzadi.de\/en\/impressum\/"]}]},{"@type":"BreadcrumbList","@id":"https:\/\/azzadi.de\/en\/impressum\/#breadcrumb","itemListElement":[{"@type":"ListItem","position":1,"name":"Home","item":"https:\/\/azzadi.de\/en\/"},{"@type":"ListItem","position":2,"name":"Impressum"}]},{"@type":"WebSite","@id":"https:\/\/azzadi.de\/en\/#website","url":"https:\/\/azzadi.de\/en\/","name":"Become a Culture Coach! Find out how here.","description":"Culture Coach!","potentialAction":[{"@type":"SearchAction","target":{"@type":"EntryPoint","urlTemplate":"https:\/\/azzadi.de\/en\/?s={search_term_string}"},"query-input":{"@type":"PropertyValueSpecification","valueRequired":true,"valueName":"search_term_string"}}],"inLanguage":"en-US"}]}},"_links":{"self":[{"href":"https:\/\/azzadi.de\/en\/wp-json\/wp\/v2\/pages\/68"}],"collection":[{"href":"https:\/\/azzadi.de\/en\/wp-json\/wp\/v2\/pages"}],"about":[{"href":"https:\/\/azzadi.de\/en\/wp-json\/wp\/v2\/types\/page"}],"author":[{"embeddable":true,"href":"https:\/\/azzadi.de\/en\/wp-json\/wp\/v2\/users\/1"}],"replies":[{"embeddable":true,"href":"https:\/\/azzadi.de\/en\/wp-json\/wp\/v2\/comments?post=68"}],"version-history":[{"count":1,"href":"https:\/\/azzadi.de\/en\/wp-json\/wp\/v2\/pages\/68\/revisions"}],"predecessor-version":[{"id":374,"href":"https:\/\/azzadi.de\/en\/wp-json\/wp\/v2\/pages\/68\/revisions\/374"}],"wp:attachment":[{"href":"https:\/\/azzadi.de\/en\/wp-json\/wp\/v2\/media?parent=68"}],"curies":[{"name":"wp","href":"https:\/\/api.w.org\/{rel}","templated":true}]}}